{"id":8,"date":"2020-02-21T20:44:37","date_gmt":"2020-02-21T20:44:37","guid":{"rendered":"http:\/\/kokoro-kendo.com\/?page_id=8"},"modified":"2021-11-10T15:54:26","modified_gmt":"2021-11-10T15:54:26","slug":"contact","status":"publish","type":"page","link":"https:\/\/kokoro-kendo.com\/?page_id=8","title":{"rendered":"Contact"},"content":{"rendered":"\n<figure class=\"wp-block-image size-large\"><img loading=\"lazy\" decoding=\"async\" width=\"4523\" height=\"3006\" src=\"http:\/\/kokoro-kendo.com\/wp-content\/uploads\/2020\/02\/DSC00839-1.jpg\" alt=\"\" class=\"wp-image-66\"\/><\/figure>\n\n\n\n<p>Adresa: SPENS, Sutjeska 2, Karate sala<\/p>\n\n\n\n<p>kokoro.kendo@gmail.com<\/p>\n\n\n\n<p>Mati\u010dni broj: 08922489<\/p>\n\n\n\n<p>P.I.B. :&nbsp;106846128<\/p>\n\n\n\n<p>Broj ra\u010duna:\nBanka intesa : 160-497094-72\n<\/p>\n\n\n\n<p>-Kontakt:<\/p>\n\n\n\n<p>Aleksandar \u0110or\u0111evi\u0107<\/p>\n\n\n\n<p>+381\/ 69 50 23 232<\/p>\n\n\n\n<p>\u010caba Pete<\/p>\n\n\n\n<p>+381\/ 60 700 70 18<\/p>\n\n\n\n<p><\/p>\n","protected":false},"excerpt":{"rendered":"<p>Adresa: SPENS, Sutjeska 2, Karate sala kokoro.kendo@gmail.com Mati\u010dni broj: 08922489 P.I.B. :&nbsp;106846128 Broj ra\u010duna: Banka intesa : 160-497094-72 -Kontakt: Aleksandar \u0110or\u0111evi\u0107 +381\/ 69 50 23 232 \u010caba Pete +381\/ 60 700 70 18<\/p>\n","protected":false},"author":1,"featured_media":0,"parent":0,"menu_order":0,"comment_status":"closed","ping_status":"closed","template":"","meta":{"footnotes":""},"class_list":["post-8","page","type-page","status-publish","hentry"],"_links":{"self":[{"href":"https:\/\/kokoro-kendo.com\/index.php?rest_route=\/wp\/v2\/pages\/8","targetHints":{"allow":["GET"]}}],"collection":[{"href":"https:\/\/kokoro-kendo.com\/index.php?rest_route=\/wp\/v2\/pages"}],"about":[{"href":"https:\/\/kokoro-kendo.com\/index.php?rest_route=\/wp\/v2\/types\/page"}],"author":[{"embeddable":true,"href":"https:\/\/kokoro-kendo.com\/index.php?rest_route=\/wp\/v2\/users\/1"}],"replies":[{"embeddable":true,"href":"https:\/\/kokoro-kendo.com\/index.php?rest_route=%2Fwp%2Fv2%2Fcomments&post=8"}],"version-history":[{"count":4,"href":"https:\/\/kokoro-kendo.com\/index.php?rest_route=\/wp\/v2\/pages\/8\/revisions"}],"predecessor-version":[{"id":79,"href":"https:\/\/kokoro-kendo.com\/index.php?rest_route=\/wp\/v2\/pages\/8\/revisions\/79"}],"wp:attachment":[{"href":"https:\/\/kokoro-kendo.com\/index.php?rest_route=%2Fwp%2Fv2%2Fmedia&parent=8"}],"curies":[{"name":"wp","href":"https:\/\/api.w.org\/{rel}","templated":true}]}}