{"id":48,"date":"2020-02-21T23:16:52","date_gmt":"2020-02-21T23:16:52","guid":{"rendered":"http:\/\/kokoro-kendo.com\/?page_id=48"},"modified":"2020-02-22T12:30:51","modified_gmt":"2020-02-22T12:30:51","slug":"o-kendu","status":"publish","type":"page","link":"https:\/\/kokoro-kendo.com\/?page_id=48","title":{"rendered":"O Kendu"},"content":{"rendered":"<p><img loading=\"lazy\" decoding=\"async\" src=\"http:\/\/kokoro-kendo.com\/wp-content\/uploads\/2020\/02\/DSC00229-1-1024x399.jpg\" alt=\"\" srcset=\"http:\/\/kokoro-kendo.com\/wp-content\/uploads\/2020\/02\/DSC00229-1-1024x399.jpg 1024w, http:\/\/kokoro-kendo.com\/wp-content\/uploads\/2020\/02\/DSC00229-1-300x117.jpg 300w, http:\/\/kokoro-kendo.com\/wp-content\/uploads\/2020\/02\/DSC00229-1-768x299.jpg 768w, http:\/\/kokoro-kendo.com\/wp-content\/uploads\/2020\/02\/DSC00229-1-1536x598.jpg 1536w, http:\/\/kokoro-kendo.com\/wp-content\/uploads\/2020\/02\/DSC00229-1-2048x797.jpg 2048w, http:\/\/kokoro-kendo.com\/wp-content\/uploads\/2020\/02\/DSC00229-1-1500x584.jpg 1500w\" sizes=\"auto, (max-width: 820px) 100vw, 820px\" width=\"820\" height=\"320\"><\/p>\n<p>\u0160ta je kendo<\/p>\n<p>Sama re\u010d KENDO u bukvalnom prevodu znaci PUT MA\u010cA, to je Put istine i hrabrosti, Put spoznaje samog sebe, Put oslobo\u0111enja i proci\u0161\u0107enja. To je Put kojim covek hoda ka samome sebi. Put na kojem se bori protiv vlastitih slabosti i ograni\u010denja, protiv neznanja i predrasuda.<\/p>\n<p>KENDO je vrlo kompleksna ve\u0161tina koja pored elemenata rada na tehnikama upotrebe ma\u010da u sebi sadr\u017ei visoke eti\u010dke i filosofske komponente protkane ZEN-om. Duhovni i svesni aspekti su nacela koja je najva\u017enije ste\u0107i u ovoj ve\u0161tini jer su to na\u010dela koja u potpunosti kontroli\u0161u ovu umetnost.<\/p>\n<p>Bez obzira na to \u0161to je KENDO borila\u010dka ve\u0161tina u kojoj se koristi ma\u010d kao instrument, cilj je stvoriti dobrog ma\u010devaoca koji ce izbegavati sva\u0111u ili borbu. Od svih nas se o\u010dekuje da volimo i po\u0161tujemo jedni druge, a ne da se ubijamo. U\u010dimo se da ne razmi\u0161ljamo samo o borbi i kako iza\u0107i kao pobednik.<\/p>\n<p>KENDO nas u\u010di kako posti\u0107i i sa\u010duvati ljudsko dostojanstvo i poma\u017ee nam da doprinesemo oplemenjivanju na\u0161eg uma i duha. SHINAI je ma\u010d koji se koristi na treninzima i on je oru\u017eje kojim se ubija ego, jer je ego koren svih sporova i sukoba.<\/p>\n","protected":false},"excerpt":{"rendered":"<p>\u0160ta je kendo Sama re\u010d KENDO u bukvalnom prevodu znaci PUT MA\u010cA, to je Put istine i hrabrosti, Put spoznaje samog sebe, Put oslobo\u0111enja i proci\u0161\u0107enja. To je Put kojim covek hoda ka samome sebi. Put na kojem se bori protiv vlastitih slabosti i ograni\u010denja, protiv neznanja i predrasuda. KENDO je vrlo kompleksna ve\u0161tina koja [&hellip;]<\/p>\n","protected":false},"author":1,"featured_media":0,"parent":0,"menu_order":0,"comment_status":"closed","ping_status":"closed","template":"","meta":{"footnotes":""},"class_list":["post-48","page","type-page","status-publish","hentry"],"_links":{"self":[{"href":"https:\/\/kokoro-kendo.com\/index.php?rest_route=\/wp\/v2\/pages\/48","targetHints":{"allow":["GET"]}}],"collection":[{"href":"https:\/\/kokoro-kendo.com\/index.php?rest_route=\/wp\/v2\/pages"}],"about":[{"href":"https:\/\/kokoro-kendo.com\/index.php?rest_route=\/wp\/v2\/types\/page"}],"author":[{"embeddable":true,"href":"https:\/\/kokoro-kendo.com\/index.php?rest_route=\/wp\/v2\/users\/1"}],"replies":[{"embeddable":true,"href":"https:\/\/kokoro-kendo.com\/index.php?rest_route=%2Fwp%2Fv2%2Fcomments&post=48"}],"version-history":[{"count":3,"href":"https:\/\/kokoro-kendo.com\/index.php?rest_route=\/wp\/v2\/pages\/48\/revisions"}],"predecessor-version":[{"id":69,"href":"https:\/\/kokoro-kendo.com\/index.php?rest_route=\/wp\/v2\/pages\/48\/revisions\/69"}],"wp:attachment":[{"href":"https:\/\/kokoro-kendo.com\/index.php?rest_route=%2Fwp%2Fv2%2Fmedia&parent=48"}],"curies":[{"name":"wp","href":"https:\/\/api.w.org\/{rel}","templated":true}]}}