{"id":45,"date":"2020-02-21T22:50:27","date_gmt":"2020-02-21T22:50:27","guid":{"rendered":"http:\/\/kokoro-kendo.com\/?page_id=45"},"modified":"2020-02-22T12:39:53","modified_gmt":"2020-02-22T12:39:53","slug":"mac-je-kao-srce","status":"publish","type":"page","link":"https:\/\/kokoro-kendo.com\/","title":{"rendered":"\u201cMa\u010d je kao srce\u201d"},"content":{"rendered":"\n<p>Dobro do\u0161li na stranicu Kokoro Kendo Kai.<\/p>\n\n\n\n<p>Mi smo klub Japanskog ma\u010devanja, drevne samurajske ve\u0161tine koja se \nzove KENDO, odnosno \u201cPut Ma\u010da\u201d. Na na\u0161u Kendo filozofiju su duboko \nuticale re\u010di velikog ma\u010devaoca Shimada Toranosuke-a (1814-1852):<\/p>\n\n\n\n<p><em><strong>\u201cMa\u010d je kao srce, Ako srce ne valja, ne\u0107e valjati ni ma\u010d. Onaj ko \u017eeli prou\u010diti (savladati ma\u010d), mora prvo prou\u010diti svoje srce\u201d<\/strong><\/em><\/p>\n\n\n\n<p>Kendo kao borila\u010dka ve\u0161tina, ja\u010da ne samo telo, ve\u0107 jo\u0161 va\u017enije: Duh \n(mentalni stav). Taj duh mo\u017eemo zvati odlu\u010dnost, istrajnost ili strast, \nali ono \u0107e na du\u017ee staze uvek pobediti Telo!<\/p>\n\n\n\n<p><strong><em>\u201cKendo je ve\u0161tina izgradnje ljudskog karaktera kroz usavr\u0161avanje ve\u0161tine ma\u010devanja.\u201d<\/em><\/strong><\/p>\n\n\n\n<p><em>-Japanska Kendo Federacija\/ZNKR<\/em><\/p>\n\n\n\n<p><strong>Kokoro Kendo<\/strong><\/p>\n\n\n\n<p>Kendo je istinska ve\u0161tina. Da se po\u010dne u\u010diti ova ve\u0161tina, ne postoji starosna granica ili fizi\u010dka spremnost koja bi uslovila va\u0161 napredak.<\/p>\n\n\n\n<p>Pozivamo vas da posetite na\u0161e treninge i osetite taj radni ambijent. Ve\u017ebanjem Kenda se neguju i Samurajske vrline i etikecije.<\/p>\n\n\n\n<p>Kendo ima puno da ponudi svima. Iako ve\u0161tina, postoje i Kendo takmi\u010denja. U Srbiji se redovno, svake godine organizuju pet takmi\u010denja u okviru Saveza, a taj broj se pove\u0107ava. Na\u0161a reprezentacija je vrlo aktivna i bele\u017ei zna\u010dajne uspehe na Balkanskom Kupu i Evropskom Prvenstvu. Svetsko Kendo Prvenstvo se odr\u017eava svake tre\u0107e godine. Savez redovno odr\u017eava trening kampove i seminare.<\/p>\n\n\n\n<figure class=\"wp-block-image size-large is-resized\"><img loading=\"lazy\" decoding=\"async\" src=\"http:\/\/kokoro-kendo.com\/wp-content\/uploads\/2020\/02\/DSC01850-1.jpg\" alt=\"\" class=\"wp-image-67\" width=\"582\" height=\"327\" srcset=\"https:\/\/kokoro-kendo.com\/wp-content\/uploads\/2020\/02\/DSC01850-1.jpg 3173w, https:\/\/kokoro-kendo.com\/wp-content\/uploads\/2020\/02\/DSC01850-1-300x169.jpg 300w\" sizes=\"auto, (max-width: 582px) 100vw, 582px\" \/><\/figure>\n\n\n\n<p><\/p>\n","protected":false},"excerpt":{"rendered":"<p>Dobro do\u0161li na stranicu Kokoro Kendo Kai. Mi smo klub Japanskog ma\u010devanja, drevne samurajske ve\u0161tine koja se zove KENDO, odnosno \u201cPut Ma\u010da\u201d. Na na\u0161u Kendo filozofiju su duboko uticale re\u010di velikog ma\u010devaoca Shimada Toranosuke-a (1814-1852): \u201cMa\u010d je kao srce, Ako srce ne valja, ne\u0107e valjati ni ma\u010d. Onaj ko \u017eeli prou\u010diti (savladati ma\u010d), mora prvo [&hellip;]<\/p>\n","protected":false},"author":1,"featured_media":0,"parent":0,"menu_order":0,"comment_status":"closed","ping_status":"closed","template":"","meta":{"footnotes":""},"class_list":["post-45","page","type-page","status-publish","hentry"],"_links":{"self":[{"href":"https:\/\/kokoro-kendo.com\/index.php?rest_route=\/wp\/v2\/pages\/45","targetHints":{"allow":["GET"]}}],"collection":[{"href":"https:\/\/kokoro-kendo.com\/index.php?rest_route=\/wp\/v2\/pages"}],"about":[{"href":"https:\/\/kokoro-kendo.com\/index.php?rest_route=\/wp\/v2\/types\/page"}],"author":[{"embeddable":true,"href":"https:\/\/kokoro-kendo.com\/index.php?rest_route=\/wp\/v2\/users\/1"}],"replies":[{"embeddable":true,"href":"https:\/\/kokoro-kendo.com\/index.php?rest_route=%2Fwp%2Fv2%2Fcomments&post=45"}],"version-history":[{"count":4,"href":"https:\/\/kokoro-kendo.com\/index.php?rest_route=\/wp\/v2\/pages\/45\/revisions"}],"predecessor-version":[{"id":71,"href":"https:\/\/kokoro-kendo.com\/index.php?rest_route=\/wp\/v2\/pages\/45\/revisions\/71"}],"wp:attachment":[{"href":"https:\/\/kokoro-kendo.com\/index.php?rest_route=%2Fwp%2Fv2%2Fmedia&parent=45"}],"curies":[{"name":"wp","href":"https:\/\/api.w.org\/{rel}","templated":true}]}}